{"id":1802,"date":"2020-05-05T22:05:18","date_gmt":"2020-05-05T20:05:18","guid":{"rendered":"https:\/\/www.naturheilpraxis-tas.ch\/?page_id=1802"},"modified":"2021-05-04T14:32:53","modified_gmt":"2021-05-04T12:32:53","slug":"bioresonanz","status":"publish","type":"page","link":"https:\/\/naturheilpraxis-tas.ch\/?page_id=1802","title":{"rendered":"Bioresonanz"},"content":{"rendered":"\t\t<div data-elementor-type=\"wp-page\" data-elementor-id=\"1802\" class=\"elementor elementor-1802\">\n\t\t\t\t\t\t<section class=\"elementor-section elementor-top-section elementor-element elementor-element-13caf01 elementor-section-full_width elementor-section-height-min-height elementor-hidden-desktop elementor-section-height-default elementor-section-items-middle\" data-id=\"13caf01\" data-element_type=\"section\" data-e-type=\"section\" data-settings=\"{&quot;background_background&quot;:&quot;classic&quot;}\">\n\t\t\t\t\t\t<div class=\"elementor-container elementor-column-gap-default\">\n\t\t\t\t\t<div class=\"elementor-column elementor-col-100 elementor-top-column elementor-element elementor-element-02864a2\" data-id=\"02864a2\" data-element_type=\"column\" data-e-type=\"column\">\n\t\t\t<div class=\"elementor-widget-wrap\">\n\t\t\t\t\t\t\t<\/div>\n\t\t<\/div>\n\t\t\t\t\t<\/div>\n\t\t<\/section>\n\t\t\t\t<section class=\"elementor-section elementor-top-section elementor-element elementor-element-arduvcg elementor-section-height-full elementor-section-content-top elementor-section-items-bottom elementor-section-boxed elementor-section-height-default\" data-id=\"arduvcg\" data-element_type=\"section\" data-e-type=\"section\" data-settings=\"{&quot;background_background&quot;:&quot;classic&quot;}\">\n\t\t\t\t\t\t\t<div class=\"elementor-background-overlay\"><\/div>\n\t\t\t\t\t\t\t<div class=\"elementor-container elementor-column-gap-narrow\">\n\t\t\t\t\t<div class=\"elementor-column elementor-col-33 elementor-top-column elementor-element elementor-element-trebdfi\" data-id=\"trebdfi\" data-element_type=\"column\" data-e-type=\"column\">\n\t\t\t<div class=\"elementor-widget-wrap elementor-element-populated\">\n\t\t\t\t\t\t\t<\/div>\n\t\t<\/div>\n\t\t\t\t<div class=\"elementor-column elementor-col-33 elementor-top-column elementor-element elementor-element-728ad29\" data-id=\"728ad29\" data-element_type=\"column\" data-e-type=\"column\">\n\t\t\t<div class=\"elementor-widget-wrap elementor-element-populated\">\n\t\t\t\t\t\t<div class=\"elementor-element elementor-element-2b47bc4 elementor-widget elementor-widget-heading\" data-id=\"2b47bc4\" data-element_type=\"widget\" data-e-type=\"widget\" data-widget_type=\"heading.default\">\n\t\t\t\t<div class=\"elementor-widget-container\">\n\t\t\t\t\t<h2 class=\"elementor-heading-title elementor-size-default\">\"Computergest\u00fctzte Diagnose auf der Basis modernster Quantenphysik\"<\/h2>\t\t\t\t<\/div>\n\t\t\t\t<\/div>\n\t\t\t\t\t<\/div>\n\t\t<\/div>\n\t\t\t\t<div class=\"elementor-column elementor-col-33 elementor-top-column elementor-element elementor-element-mcwoycn\" data-id=\"mcwoycn\" data-element_type=\"column\" data-e-type=\"column\">\n\t\t\t<div class=\"elementor-widget-wrap elementor-element-populated\">\n\t\t\t\t\t\t\t<\/div>\n\t\t<\/div>\n\t\t\t\t\t<\/div>\n\t\t<\/section>\n\t\t\t\t<section class=\"elementor-section elementor-top-section elementor-element elementor-element-vnynvjk elementor-section-boxed elementor-section-height-default elementor-section-height-default\" data-id=\"vnynvjk\" data-element_type=\"section\" data-e-type=\"section\">\n\t\t\t\t\t\t<div class=\"elementor-container elementor-column-gap-no\">\n\t\t\t\t\t<div class=\"elementor-column elementor-col-100 elementor-top-column elementor-element elementor-element-pjfmwov\" data-id=\"pjfmwov\" data-element_type=\"column\" data-e-type=\"column\">\n\t\t\t<div class=\"elementor-widget-wrap elementor-element-populated\">\n\t\t\t\t\t\t<div class=\"elementor-element elementor-element-wzrxkkb elementor-widget elementor-widget-heading\" data-id=\"wzrxkkb\" data-element_type=\"widget\" data-e-type=\"widget\" data-widget_type=\"heading.default\">\n\t\t\t\t<div class=\"elementor-widget-container\">\n\t\t\t\t\t<h1 class=\"elementor-heading-title elementor-size-default\">Bioresonanz (MNLS Methode)\n<\/h1>\t\t\t\t<\/div>\n\t\t\t\t<\/div>\n\t\t\t\t<section class=\"elementor-section elementor-inner-section elementor-element elementor-element-df25f33 elementor-section-boxed elementor-section-height-default elementor-section-height-default\" data-id=\"df25f33\" data-element_type=\"section\" data-e-type=\"section\">\n\t\t\t\t\t\t<div class=\"elementor-container elementor-column-gap-default\">\n\t\t\t\t\t<div class=\"elementor-column elementor-col-50 elementor-inner-column elementor-element elementor-element-68ef781\" data-id=\"68ef781\" data-element_type=\"column\" data-e-type=\"column\">\n\t\t\t<div class=\"elementor-widget-wrap elementor-element-populated\">\n\t\t\t\t\t\t<div class=\"elementor-element elementor-element-3c0222c elementor-widget elementor-widget-heading\" data-id=\"3c0222c\" data-element_type=\"widget\" data-e-type=\"widget\" data-widget_type=\"heading.default\">\n\t\t\t\t<div class=\"elementor-widget-container\">\n\t\t\t\t\t<h2 class=\"elementor-heading-title elementor-size-default\">Oberon \u2013 Metavital Human<\/h2>\t\t\t\t<\/div>\n\t\t\t\t<\/div>\n\t\t\t\t<div class=\"elementor-element elementor-element-12981bf elementor-widget elementor-widget-text-editor\" data-id=\"12981bf\" data-element_type=\"widget\" data-e-type=\"widget\" data-widget_type=\"text-editor.default\">\n\t\t\t\t<div class=\"elementor-widget-container\">\n\t\t\t\t\t\t\t\t\t<p>Jedes Organ und jede Zelle eines K\u00f6rpers hat ein individuelles Frequenzmuster. Durch Erreger, Entz\u00fcndungen, Umweltgifte, Strahlenbelastung, Medikamente, Allergien und vieles mehr \u00a0k\u00f6nnen diese Frequenzmuster vom Idealzustand abweichen und somit langfristig Erkrankungen hervorrufen. Das Oberonsystem kann die k\u00f6rpereigenen Frequenzen aufnehmen und stellt diese als Schwingungsmuster am Computer dar. Diese Schwingungen werden mit der Oberondatenbank verglichen, in welcher mehrere zehntausend Schwingungsmuster hinterlegt sind. So k\u00f6nnen die optimalen und abweichenden Zust\u00e4nde aufzeigt werden.Die Organe werden mit ihrer Funktionseinschr\u00e4nkung graphisch dargestellt. Auf diesem Weg k\u00f6nnen die Ursachen von akuten oder chronischen Erkrankungen bzw. Vorstadien erkannt werden. Die Oberonmessung ist v\u00f6llig schmerzfrei und daher auch sehr gut f\u00fcr Kinder geeignet. Den Testverlauf k\u00f6nnen Sie am Bildschirm mitverfolgen. Im Anschluss an die Oberontestung werden die Befundergebnisse besprochen und Ihnen die eigentlichen Ursachen Ihrer Beschwerden und die Zusammenh\u00e4nge erkl\u00e4rt.<\/p>\t\t\t\t\t\t\t\t<\/div>\n\t\t\t\t<\/div>\n\t\t\t\t\t<\/div>\n\t\t<\/div>\n\t\t\t\t<div class=\"elementor-column elementor-col-50 elementor-inner-column elementor-element elementor-element-28174c1\" data-id=\"28174c1\" data-element_type=\"column\" data-e-type=\"column\">\n\t\t\t<div class=\"elementor-widget-wrap\">\n\t\t\t\t\t\t\t<\/div>\n\t\t<\/div>\n\t\t\t\t\t<\/div>\n\t\t<\/section>\n\t\t\t\t\t<\/div>\n\t\t<\/div>\n\t\t\t\t\t<\/div>\n\t\t<\/section>\n\t\t\t\t<section class=\"elementor-section elementor-top-section elementor-element elementor-element-348fb82 elementor-section-boxed elementor-section-height-default elementor-section-height-default\" data-id=\"348fb82\" data-element_type=\"section\" data-e-type=\"section\">\n\t\t\t\t\t\t<div class=\"elementor-container elementor-column-gap-default\">\n\t\t\t\t\t<div class=\"elementor-column elementor-col-100 elementor-top-column elementor-element elementor-element-02f36b9\" data-id=\"02f36b9\" data-element_type=\"column\" data-e-type=\"column\">\n\t\t\t<div class=\"elementor-widget-wrap elementor-element-populated\">\n\t\t\t\t\t\t<div class=\"elementor-element elementor-element-afaa953 elementor-align-center elementor-widget elementor-widget-button\" data-id=\"afaa953\" data-element_type=\"widget\" data-e-type=\"widget\" data-widget_type=\"button.default\">\n\t\t\t\t<div class=\"elementor-widget-container\">\n\t\t\t\t\t\t\t\t\t<div class=\"elementor-button-wrapper\">\n\t\t\t\t\t<a class=\"elementor-button elementor-button-link elementor-size-sm\" href=\"#\">\n\t\t\t\t\t\t<span class=\"elementor-button-content-wrapper\">\n\t\t\t\t\t\t\t\t\t<span class=\"elementor-button-text\">Termin vereinbaren<\/span>\n\t\t\t\t\t<\/span>\n\t\t\t\t\t<\/a>\n\t\t\t\t<\/div>\n\t\t\t\t\t\t\t\t<\/div>\n\t\t\t\t<\/div>\n\t\t\t\t\t<\/div>\n\t\t<\/div>\n\t\t\t\t\t<\/div>\n\t\t<\/section>\n\t\t\t\t<section class=\"elementor-section elementor-top-section elementor-element elementor-element-16cb55b elementor-section-full_width elementor-section-height-default elementor-section-height-default\" data-id=\"16cb55b\" data-element_type=\"section\" data-e-type=\"section\" data-settings=\"{&quot;background_background&quot;:&quot;classic&quot;}\">\n\t\t\t\t\t\t<div class=\"elementor-container elementor-column-gap-no\">\n\t\t\t\t\t<div class=\"elementor-column elementor-col-100 elementor-top-column elementor-element elementor-element-1028bb3\" data-id=\"1028bb3\" data-element_type=\"column\" data-e-type=\"column\">\n\t\t\t<div class=\"elementor-widget-wrap elementor-element-populated\">\n\t\t\t\t\t\t<div class=\"elementor-element elementor-element-731782e elementor-widget elementor-widget-text-editor\" data-id=\"731782e\" data-element_type=\"widget\" data-e-type=\"widget\" data-widget_type=\"text-editor.default\">\n\t\t\t\t<div class=\"elementor-widget-container\">\n\t\t\t\t\t\t\t\t\t<p>&#8220;Lass eure Nahrungsmittel Eure Heilmittel sein und Eure Heilmittel Eure Nahrungsmittel&#8221;<\/p>\t\t\t\t\t\t\t\t<\/div>\n\t\t\t\t<\/div>\n\t\t\t\t\t<\/div>\n\t\t<\/div>\n\t\t\t\t\t<\/div>\n\t\t<\/section>\n\t\t\t\t<\/div>\n\t\t","protected":false},"excerpt":{"rendered":"<p>&#8220;Computergest\u00fctzte Diagnose auf der Basis modernster Quantenphysik&#8221; Bioresonanz (MNLS Methode) Oberon \u2013 Metavital Human Jedes Organ und jede Zelle eines K\u00f6rpers hat ein individuelles Frequenzmuster. Durch Erreger, Entz\u00fcndungen, Umweltgifte, Strahlenbelastung, Medikamente, Allergien und vieles mehr \u00a0k\u00f6nnen diese Frequenzmuster vom Idealzustand abweichen und somit langfristig Erkrankungen hervorrufen. Das Oberonsystem kann die k\u00f6rpereigenen Frequenzen aufnehmen und stellt [&hellip;]<\/p>\n","protected":false},"author":1,"featured_media":0,"parent":0,"menu_order":0,"comment_status":"closed","ping_status":"closed","template":"","meta":{"ocean_post_layout":"full-screen","ocean_both_sidebars_style":"","ocean_both_sidebars_content_width":0,"ocean_both_sidebars_sidebars_width":0,"ocean_sidebar":"0","ocean_second_sidebar":"0","ocean_disable_margins":"on","ocean_add_body_class":"","ocean_shortcode_before_top_bar":"","ocean_shortcode_after_top_bar":"","ocean_shortcode_before_header":"","ocean_shortcode_after_header":"","ocean_has_shortcode":"","ocean_shortcode_after_title":"","ocean_shortcode_before_footer_widgets":"","ocean_shortcode_after_footer_widgets":"","ocean_shortcode_before_footer_bottom":"","ocean_shortcode_after_footer_bottom":"","ocean_display_top_bar":"default","ocean_display_header":"default","ocean_header_style":"","ocean_center_header_left_menu":"0","ocean_custom_header_template":"0","ocean_custom_logo":0,"ocean_custom_retina_logo":0,"ocean_custom_logo_max_width":0,"ocean_custom_logo_tablet_max_width":0,"ocean_custom_logo_mobile_max_width":0,"ocean_custom_logo_max_height":0,"ocean_custom_logo_tablet_max_height":0,"ocean_custom_logo_mobile_max_height":0,"ocean_header_custom_menu":"0","ocean_menu_typo_font_family":"0","ocean_menu_typo_font_subset":"","ocean_menu_typo_font_size":0,"ocean_menu_typo_font_size_tablet":0,"ocean_menu_typo_font_size_mobile":0,"ocean_menu_typo_font_size_unit":"px","ocean_menu_typo_font_weight":"","ocean_menu_typo_font_weight_tablet":"","ocean_menu_typo_font_weight_mobile":"","ocean_menu_typo_transform":"","ocean_menu_typo_transform_tablet":"","ocean_menu_typo_transform_mobile":"","ocean_menu_typo_line_height":0,"ocean_menu_typo_line_height_tablet":0,"ocean_menu_typo_line_height_mobile":0,"ocean_menu_typo_line_height_unit":"","ocean_menu_typo_spacing":0,"ocean_menu_typo_spacing_tablet":0,"ocean_menu_typo_spacing_mobile":0,"ocean_menu_typo_spacing_unit":"","ocean_menu_link_color":"","ocean_menu_link_color_hover":"","ocean_menu_link_color_active":"","ocean_menu_link_background":"","ocean_menu_link_hover_background":"","ocean_menu_link_active_background":"","ocean_menu_social_links_bg":"","ocean_menu_social_hover_links_bg":"","ocean_menu_social_links_color":"","ocean_menu_social_hover_links_color":"","ocean_disable_title":"on","ocean_disable_heading":"default","ocean_post_title":"","ocean_post_subheading":"","ocean_post_title_style":"","ocean_post_title_background_color":"","ocean_post_title_background":0,"ocean_post_title_bg_image_position":"","ocean_post_title_bg_image_attachment":"","ocean_post_title_bg_image_repeat":"","ocean_post_title_bg_image_size":"","ocean_post_title_height":0,"ocean_post_title_bg_overlay":0.5,"ocean_post_title_bg_overlay_color":"","ocean_disable_breadcrumbs":"default","ocean_breadcrumbs_color":"","ocean_breadcrumbs_separator_color":"","ocean_breadcrumbs_links_color":"","ocean_breadcrumbs_links_hover_color":"","ocean_display_footer_widgets":"default","ocean_display_footer_bottom":"default","ocean_custom_footer_template":"0","footnotes":""},"class_list":["post-1802","page","type-page","status-publish","hentry","entry"],"yoast_head":"<!-- This site is optimized with the Yoast SEO plugin v27.3 - https:\/\/yoast.com\/product\/yoast-seo-wordpress\/ -->\n<title>Bioresonanz-Therapie<\/title>\n<meta name=\"description\" content=\"Die Bioresonanz ist eine sanfte, nebenwirkungsfreie, computergesteuerte Schwingungstherapie, die die Selbstheilungskr\u00e4fte anregt und so sehr schnell zur Gesundung f\u00fchren kann. [\u2026]\" \/>\n<meta name=\"robots\" content=\"index, follow, max-snippet:-1, max-image-preview:large, max-video-preview:-1\" \/>\n<link rel=\"canonical\" href=\"https:\/\/naturheilpraxis-tas.ch\/?page_id=1802\" \/>\n<meta property=\"og:locale\" content=\"en_US\" \/>\n<meta property=\"og:type\" content=\"article\" \/>\n<meta property=\"og:title\" content=\"Bioresonanz\" \/>\n<meta property=\"og:description\" content=\"Die Bioresonanz ist eine sanfte, nebenwirkungsfreie, computergesteuerte Schwingungstherapie, die die Selbstheilungskr\u00e4fte anregt und so sehr schnell zur Gesundung f\u00fchren kann. [\u2026]\" \/>\n<meta property=\"og:url\" content=\"https:\/\/naturheilpraxis-tas.ch\/?page_id=1802\" \/>\n<meta property=\"og:site_name\" content=\"Naturheilpraxis Tas\" \/>\n<meta property=\"article:modified_time\" content=\"2021-05-04T12:32:53+00:00\" \/>\n<meta property=\"og:image\" content=\"https:\/\/naturheilpraxis-tas.ch\/wp-content\/uploads\/2020\/05\/cropped-lo_Bw.png\" \/>\n\t<meta property=\"og:image:width\" content=\"512\" \/>\n\t<meta property=\"og:image:height\" content=\"512\" \/>\n\t<meta property=\"og:image:type\" content=\"image\/png\" \/>\n<meta name=\"twitter:card\" content=\"summary_large_image\" \/>\n<meta name=\"twitter:title\" content=\"Bioresonanz\" \/>\n<meta name=\"twitter:description\" content=\"Die Bioresonanz ist eine sanfte, nebenwirkungsfreie, computergesteuerte Schwingungstherapie, die die Selbstheilungskr\u00e4fte anregt und so sehr schnell zur Gesundung f\u00fchren kann. [\u2026]\" \/>\n<meta name=\"twitter:image\" content=\"https:\/\/naturheilpraxis-tas.ch\/wp-content\/uploads\/2020\/05\/cropped-lo_Bw.png\" \/>\n<meta name=\"twitter:label1\" content=\"Est. reading time\" \/>\n\t<meta name=\"twitter:data1\" content=\"1 minute\" \/>\n<script type=\"application\/ld+json\" class=\"yoast-schema-graph\">{\"@context\":\"https:\\\/\\\/schema.org\",\"@graph\":[{\"@type\":\"WebPage\",\"@id\":\"https:\\\/\\\/naturheilpraxis-tas.ch\\\/?page_id=1802\",\"url\":\"https:\\\/\\\/naturheilpraxis-tas.ch\\\/?page_id=1802\",\"name\":\"Bioresonanz-Therapie\",\"isPartOf\":{\"@id\":\"https:\\\/\\\/naturheilpraxis-tas.ch\\\/#website\"},\"datePublished\":\"2020-05-05T20:05:18+00:00\",\"dateModified\":\"2021-05-04T12:32:53+00:00\",\"description\":\"Die Bioresonanz ist eine sanfte, nebenwirkungsfreie, computergesteuerte Schwingungstherapie, die die Selbstheilungskr\u00e4fte anregt und so sehr schnell zur Gesundung f\u00fchren kann. [\u2026]\",\"breadcrumb\":{\"@id\":\"https:\\\/\\\/naturheilpraxis-tas.ch\\\/?page_id=1802#breadcrumb\"},\"inLanguage\":\"en-US\",\"potentialAction\":[{\"@type\":\"ReadAction\",\"target\":[\"https:\\\/\\\/naturheilpraxis-tas.ch\\\/?page_id=1802\"]}]},{\"@type\":\"BreadcrumbList\",\"@id\":\"https:\\\/\\\/naturheilpraxis-tas.ch\\\/?page_id=1802#breadcrumb\",\"itemListElement\":[{\"@type\":\"ListItem\",\"position\":1,\"name\":\"Startseite\",\"item\":\"https:\\\/\\\/naturheilpraxis-tas.ch\\\/\"},{\"@type\":\"ListItem\",\"position\":2,\"name\":\"Bioresonanz\"}]},{\"@type\":\"WebSite\",\"@id\":\"https:\\\/\\\/naturheilpraxis-tas.ch\\\/#website\",\"url\":\"https:\\\/\\\/naturheilpraxis-tas.ch\\\/\",\"name\":\"Naturheilpraxis Tas\",\"description\":\"\",\"publisher\":{\"@id\":\"https:\\\/\\\/naturheilpraxis-tas.ch\\\/#organization\"},\"potentialAction\":[{\"@type\":\"SearchAction\",\"target\":{\"@type\":\"EntryPoint\",\"urlTemplate\":\"https:\\\/\\\/naturheilpraxis-tas.ch\\\/?s={search_term_string}\"},\"query-input\":{\"@type\":\"PropertyValueSpecification\",\"valueRequired\":true,\"valueName\":\"search_term_string\"}}],\"inLanguage\":\"en-US\"},{\"@type\":\"Organization\",\"@id\":\"https:\\\/\\\/naturheilpraxis-tas.ch\\\/#organization\",\"name\":\"Naturheilpraxis-tas\",\"url\":\"https:\\\/\\\/naturheilpraxis-tas.ch\\\/\",\"logo\":{\"@type\":\"ImageObject\",\"inLanguage\":\"en-US\",\"@id\":\"https:\\\/\\\/naturheilpraxis-tas.ch\\\/#\\\/schema\\\/logo\\\/image\\\/\",\"url\":\"https:\\\/\\\/naturheilpraxis-tas.ch\\\/wp-content\\\/uploads\\\/2020\\\/04\\\/LogoGT-2.png\",\"contentUrl\":\"https:\\\/\\\/naturheilpraxis-tas.ch\\\/wp-content\\\/uploads\\\/2020\\\/04\\\/LogoGT-2.png\",\"width\":254,\"height\":153,\"caption\":\"Naturheilpraxis-tas\"},\"image\":{\"@id\":\"https:\\\/\\\/naturheilpraxis-tas.ch\\\/#\\\/schema\\\/logo\\\/image\\\/\"}}]}<\/script>\n<!-- \/ Yoast SEO plugin. -->","yoast_head_json":{"title":"Bioresonanz-Therapie","description":"Die Bioresonanz ist eine sanfte, nebenwirkungsfreie, computergesteuerte Schwingungstherapie, die die Selbstheilungskr\u00e4fte anregt und so sehr schnell zur Gesundung f\u00fchren kann. [\u2026]","robots":{"index":"index","follow":"follow","max-snippet":"max-snippet:-1","max-image-preview":"max-image-preview:large","max-video-preview":"max-video-preview:-1"},"canonical":"https:\/\/naturheilpraxis-tas.ch\/?page_id=1802","og_locale":"en_US","og_type":"article","og_title":"Bioresonanz","og_description":"Die Bioresonanz ist eine sanfte, nebenwirkungsfreie, computergesteuerte Schwingungstherapie, die die Selbstheilungskr\u00e4fte anregt und so sehr schnell zur Gesundung f\u00fchren kann. [\u2026]","og_url":"https:\/\/naturheilpraxis-tas.ch\/?page_id=1802","og_site_name":"Naturheilpraxis Tas","article_modified_time":"2021-05-04T12:32:53+00:00","og_image":[{"width":512,"height":512,"url":"https:\/\/naturheilpraxis-tas.ch\/wp-content\/uploads\/2020\/05\/cropped-lo_Bw.png","type":"image\/png"}],"twitter_card":"summary_large_image","twitter_title":"Bioresonanz","twitter_description":"Die Bioresonanz ist eine sanfte, nebenwirkungsfreie, computergesteuerte Schwingungstherapie, die die Selbstheilungskr\u00e4fte anregt und so sehr schnell zur Gesundung f\u00fchren kann. [\u2026]","twitter_image":"https:\/\/naturheilpraxis-tas.ch\/wp-content\/uploads\/2020\/05\/cropped-lo_Bw.png","twitter_misc":{"Est. reading time":"1 minute"},"schema":{"@context":"https:\/\/schema.org","@graph":[{"@type":"WebPage","@id":"https:\/\/naturheilpraxis-tas.ch\/?page_id=1802","url":"https:\/\/naturheilpraxis-tas.ch\/?page_id=1802","name":"Bioresonanz-Therapie","isPartOf":{"@id":"https:\/\/naturheilpraxis-tas.ch\/#website"},"datePublished":"2020-05-05T20:05:18+00:00","dateModified":"2021-05-04T12:32:53+00:00","description":"Die Bioresonanz ist eine sanfte, nebenwirkungsfreie, computergesteuerte Schwingungstherapie, die die Selbstheilungskr\u00e4fte anregt und so sehr schnell zur Gesundung f\u00fchren kann. [\u2026]","breadcrumb":{"@id":"https:\/\/naturheilpraxis-tas.ch\/?page_id=1802#breadcrumb"},"inLanguage":"en-US","potentialAction":[{"@type":"ReadAction","target":["https:\/\/naturheilpraxis-tas.ch\/?page_id=1802"]}]},{"@type":"BreadcrumbList","@id":"https:\/\/naturheilpraxis-tas.ch\/?page_id=1802#breadcrumb","itemListElement":[{"@type":"ListItem","position":1,"name":"Startseite","item":"https:\/\/naturheilpraxis-tas.ch\/"},{"@type":"ListItem","position":2,"name":"Bioresonanz"}]},{"@type":"WebSite","@id":"https:\/\/naturheilpraxis-tas.ch\/#website","url":"https:\/\/naturheilpraxis-tas.ch\/","name":"Naturheilpraxis Tas","description":"","publisher":{"@id":"https:\/\/naturheilpraxis-tas.ch\/#organization"},"potentialAction":[{"@type":"SearchAction","target":{"@type":"EntryPoint","urlTemplate":"https:\/\/naturheilpraxis-tas.ch\/?s={search_term_string}"},"query-input":{"@type":"PropertyValueSpecification","valueRequired":true,"valueName":"search_term_string"}}],"inLanguage":"en-US"},{"@type":"Organization","@id":"https:\/\/naturheilpraxis-tas.ch\/#organization","name":"Naturheilpraxis-tas","url":"https:\/\/naturheilpraxis-tas.ch\/","logo":{"@type":"ImageObject","inLanguage":"en-US","@id":"https:\/\/naturheilpraxis-tas.ch\/#\/schema\/logo\/image\/","url":"https:\/\/naturheilpraxis-tas.ch\/wp-content\/uploads\/2020\/04\/LogoGT-2.png","contentUrl":"https:\/\/naturheilpraxis-tas.ch\/wp-content\/uploads\/2020\/04\/LogoGT-2.png","width":254,"height":153,"caption":"Naturheilpraxis-tas"},"image":{"@id":"https:\/\/naturheilpraxis-tas.ch\/#\/schema\/logo\/image\/"}}]}},"_links":{"self":[{"href":"https:\/\/naturheilpraxis-tas.ch\/index.php?rest_route=\/wp\/v2\/pages\/1802","targetHints":{"allow":["GET"]}}],"collection":[{"href":"https:\/\/naturheilpraxis-tas.ch\/index.php?rest_route=\/wp\/v2\/pages"}],"about":[{"href":"https:\/\/naturheilpraxis-tas.ch\/index.php?rest_route=\/wp\/v2\/types\/page"}],"author":[{"embeddable":true,"href":"https:\/\/naturheilpraxis-tas.ch\/index.php?rest_route=\/wp\/v2\/users\/1"}],"replies":[{"embeddable":true,"href":"https:\/\/naturheilpraxis-tas.ch\/index.php?rest_route=%2Fwp%2Fv2%2Fcomments&post=1802"}],"version-history":[{"count":7,"href":"https:\/\/naturheilpraxis-tas.ch\/index.php?rest_route=\/wp\/v2\/pages\/1802\/revisions"}],"predecessor-version":[{"id":1955,"href":"https:\/\/naturheilpraxis-tas.ch\/index.php?rest_route=\/wp\/v2\/pages\/1802\/revisions\/1955"}],"wp:attachment":[{"href":"https:\/\/naturheilpraxis-tas.ch\/index.php?rest_route=%2Fwp%2Fv2%2Fmedia&parent=1802"}],"curies":[{"name":"wp","href":"https:\/\/api.w.org\/{rel}","templated":true}]}}