{"id":1593,"date":"2020-05-03T20:34:13","date_gmt":"2020-05-03T18:34:13","guid":{"rendered":"https:\/\/www.naturheilpraxis-tas.ch\/?page_id=1593"},"modified":"2021-05-02T12:10:31","modified_gmt":"2021-05-02T10:10:31","slug":"allergie","status":"publish","type":"page","link":"https:\/\/naturheilpraxis-tas.ch\/?page_id=1593","title":{"rendered":"Allergie Behandlung"},"content":{"rendered":"\t\t<div data-elementor-type=\"wp-page\" data-elementor-id=\"1593\" class=\"elementor elementor-1593\">\n\t\t\t\t\t\t<section class=\"elementor-section elementor-top-section elementor-element elementor-element-13caf01 elementor-section-full_width elementor-section-height-min-height elementor-hidden-desktop elementor-section-height-default elementor-section-items-middle\" data-id=\"13caf01\" data-element_type=\"section\" data-e-type=\"section\" data-settings=\"{&quot;background_background&quot;:&quot;classic&quot;}\">\n\t\t\t\t\t\t<div class=\"elementor-container elementor-column-gap-default\">\n\t\t\t\t\t<div class=\"elementor-column elementor-col-100 elementor-top-column elementor-element elementor-element-02864a2\" data-id=\"02864a2\" data-element_type=\"column\" data-e-type=\"column\">\n\t\t\t<div class=\"elementor-widget-wrap\">\n\t\t\t\t\t\t\t<\/div>\n\t\t<\/div>\n\t\t\t\t\t<\/div>\n\t\t<\/section>\n\t\t\t\t<section class=\"elementor-section elementor-top-section elementor-element elementor-element-arduvcg elementor-section-height-full elementor-section-content-top elementor-section-items-bottom elementor-section-boxed elementor-section-height-default\" data-id=\"arduvcg\" data-element_type=\"section\" data-e-type=\"section\" data-settings=\"{&quot;background_background&quot;:&quot;classic&quot;}\">\n\t\t\t\t\t\t\t<div class=\"elementor-background-overlay\"><\/div>\n\t\t\t\t\t\t\t<div class=\"elementor-container elementor-column-gap-narrow\">\n\t\t\t\t\t<div class=\"elementor-column elementor-col-33 elementor-top-column elementor-element elementor-element-trebdfi\" data-id=\"trebdfi\" data-element_type=\"column\" data-e-type=\"column\">\n\t\t\t<div class=\"elementor-widget-wrap elementor-element-populated\">\n\t\t\t\t\t\t\t<\/div>\n\t\t<\/div>\n\t\t\t\t<div class=\"elementor-column elementor-col-33 elementor-top-column elementor-element elementor-element-728ad29\" data-id=\"728ad29\" data-element_type=\"column\" data-e-type=\"column\">\n\t\t\t<div class=\"elementor-widget-wrap elementor-element-populated\">\n\t\t\t\t\t\t<div class=\"elementor-element elementor-element-2b47bc4 elementor-widget elementor-widget-heading\" data-id=\"2b47bc4\" data-element_type=\"widget\" data-e-type=\"widget\" data-widget_type=\"heading.default\">\n\t\t\t\t<div class=\"elementor-widget-container\">\n\t\t\t\t\t<h2 class=\"elementor-heading-title elementor-size-default\">\"Eine St\u00f6rung des Immunsystems f\u00fchrt dazu, dass der K\u00f6rper auf ansonsten harmlose Stoffe (\u00fcber)reagiert.\"<\/h2>\t\t\t\t<\/div>\n\t\t\t\t<\/div>\n\t\t\t\t\t<\/div>\n\t\t<\/div>\n\t\t\t\t<div class=\"elementor-column elementor-col-33 elementor-top-column elementor-element elementor-element-mcwoycn\" data-id=\"mcwoycn\" data-element_type=\"column\" data-e-type=\"column\">\n\t\t\t<div class=\"elementor-widget-wrap elementor-element-populated\">\n\t\t\t\t\t\t\t<\/div>\n\t\t<\/div>\n\t\t\t\t\t<\/div>\n\t\t<\/section>\n\t\t\t\t<section class=\"elementor-section elementor-top-section elementor-element elementor-element-vnynvjk elementor-section-boxed elementor-section-height-default elementor-section-height-default\" data-id=\"vnynvjk\" data-element_type=\"section\" data-e-type=\"section\">\n\t\t\t\t\t\t<div class=\"elementor-container elementor-column-gap-no\">\n\t\t\t\t\t<div class=\"elementor-column elementor-col-100 elementor-top-column elementor-element elementor-element-pjfmwov\" data-id=\"pjfmwov\" data-element_type=\"column\" data-e-type=\"column\">\n\t\t\t<div class=\"elementor-widget-wrap elementor-element-populated\">\n\t\t\t\t\t\t<div class=\"elementor-element elementor-element-wzrxkkb elementor-widget elementor-widget-heading\" data-id=\"wzrxkkb\" data-element_type=\"widget\" data-e-type=\"widget\" data-widget_type=\"heading.default\">\n\t\t\t\t<div class=\"elementor-widget-container\">\n\t\t\t\t\t<h1 class=\"elementor-heading-title elementor-size-default\">Allergie Behandlung\n<\/h1>\t\t\t\t<\/div>\n\t\t\t\t<\/div>\n\t\t\t\t<section class=\"elementor-section elementor-inner-section elementor-element elementor-element-df25f33 elementor-section-boxed elementor-section-height-default elementor-section-height-default\" data-id=\"df25f33\" data-element_type=\"section\" data-e-type=\"section\">\n\t\t\t\t\t\t<div class=\"elementor-container elementor-column-gap-default\">\n\t\t\t\t\t<div class=\"elementor-column elementor-col-50 elementor-inner-column elementor-element elementor-element-68ef781\" data-id=\"68ef781\" data-element_type=\"column\" data-e-type=\"column\">\n\t\t\t<div class=\"elementor-widget-wrap elementor-element-populated\">\n\t\t\t\t\t\t<div class=\"elementor-element elementor-element-3c0222c elementor-widget elementor-widget-heading\" data-id=\"3c0222c\" data-element_type=\"widget\" data-e-type=\"widget\" data-widget_type=\"heading.default\">\n\t\t\t\t<div class=\"elementor-widget-container\">\n\t\t\t\t\t<h2 class=\"elementor-heading-title elementor-size-default\">Therapiem\u00f6glichkeiten bei Allergien<\/h2>\t\t\t\t<\/div>\n\t\t\t\t<\/div>\n\t\t\t\t<div class=\"elementor-element elementor-element-12981bf elementor-widget elementor-widget-text-editor\" data-id=\"12981bf\" data-element_type=\"widget\" data-e-type=\"widget\" data-widget_type=\"text-editor.default\">\n\t\t\t\t<div class=\"elementor-widget-container\">\n\t\t\t\t\t\t\t\t\t<p>Mittlerweile leidet fast ein Drittel der Schweizer Bev\u00f6lkerung an Allergien.<br \/>Vor allem Heuschnupfen, Nahrungsmittelallergien, aber auch Milben-\/Hausstauballergien sind auf dem Vormarsch.<br \/>Leider sind zunehmend auch Kinder und oft sogar S\u00e4uglinge betroffen. Allergien sind aber eigentlich nur der Ausdruck eines aus dem Gleichgewicht geratenen Immunsystems, das nicht mehr zwischen harmlosen und sch\u00e4dlichen Stoffen unterscheiden kann.<br \/><br \/><br \/>Der erste Schritt in der Behandlung muss daher sein, herauszufinden, was das Immunsystem gest\u00f6rt hat. Meine Erfahrung hat gezeigt, dass eine Allergiebehandlung nur dann erfolgreich sein kann, wenn das Immunsystem wieder ins Gleichgewicht gebracht wurde.<\/p><p>Die konventionelle Medizin setzt zur Behandlung der Symptome bevorzugt Antihistaminika und Kortison ein. F\u00fcr eine dauerhafte Besserung ist es jedoch unerl\u00e4sslich, die Ursachen zu finden und die individuelle Therapie entsprechend anzupassen.<br \/><br \/><br \/>F\u00fcr Diagnose und Therapie verwende ich gerne das <a href=\"https:\/\/naturheilpraxis-tas.ch\/bioresonanz\/\">OBERON System<\/a><\/p>\t\t\t\t\t\t\t\t<\/div>\n\t\t\t\t<\/div>\n\t\t\t\t\t<\/div>\n\t\t<\/div>\n\t\t\t\t<div class=\"elementor-column elementor-col-50 elementor-inner-column elementor-element elementor-element-28174c1\" data-id=\"28174c1\" data-element_type=\"column\" data-e-type=\"column\">\n\t\t\t<div class=\"elementor-widget-wrap\">\n\t\t\t\t\t\t\t<\/div>\n\t\t<\/div>\n\t\t\t\t\t<\/div>\n\t\t<\/section>\n\t\t\t\t\t<\/div>\n\t\t<\/div>\n\t\t\t\t\t<\/div>\n\t\t<\/section>\n\t\t\t\t<section class=\"elementor-section elementor-top-section elementor-element elementor-element-348fb82 elementor-section-boxed elementor-section-height-default elementor-section-height-default\" data-id=\"348fb82\" data-element_type=\"section\" data-e-type=\"section\">\n\t\t\t\t\t\t<div class=\"elementor-container elementor-column-gap-default\">\n\t\t\t\t\t<div class=\"elementor-column elementor-col-100 elementor-top-column elementor-element elementor-element-02f36b9\" data-id=\"02f36b9\" data-element_type=\"column\" data-e-type=\"column\">\n\t\t\t<div class=\"elementor-widget-wrap elementor-element-populated\">\n\t\t\t\t\t\t<div class=\"elementor-element elementor-element-afaa953 elementor-align-center elementor-widget elementor-widget-button\" data-id=\"afaa953\" data-element_type=\"widget\" data-e-type=\"widget\" data-widget_type=\"button.default\">\n\t\t\t\t<div class=\"elementor-widget-container\">\n\t\t\t\t\t\t\t\t\t<div class=\"elementor-button-wrapper\">\n\t\t\t\t\t<a class=\"elementor-button elementor-button-link elementor-size-sm\" href=\"#\">\n\t\t\t\t\t\t<span class=\"elementor-button-content-wrapper\">\n\t\t\t\t\t\t\t\t\t<span class=\"elementor-button-text\">Termin vereinbaren<\/span>\n\t\t\t\t\t<\/span>\n\t\t\t\t\t<\/a>\n\t\t\t\t<\/div>\n\t\t\t\t\t\t\t\t<\/div>\n\t\t\t\t<\/div>\n\t\t\t\t\t<\/div>\n\t\t<\/div>\n\t\t\t\t\t<\/div>\n\t\t<\/section>\n\t\t\t\t<section class=\"elementor-section elementor-top-section elementor-element elementor-element-16cb55b elementor-section-full_width elementor-section-height-default elementor-section-height-default\" data-id=\"16cb55b\" data-element_type=\"section\" data-e-type=\"section\" data-settings=\"{&quot;background_background&quot;:&quot;classic&quot;}\">\n\t\t\t\t\t\t<div class=\"elementor-container elementor-column-gap-no\">\n\t\t\t\t\t<div class=\"elementor-column elementor-col-100 elementor-top-column elementor-element elementor-element-1028bb3\" data-id=\"1028bb3\" data-element_type=\"column\" data-e-type=\"column\">\n\t\t\t<div class=\"elementor-widget-wrap elementor-element-populated\">\n\t\t\t\t\t\t<div class=\"elementor-element elementor-element-731782e elementor-widget elementor-widget-text-editor\" data-id=\"731782e\" data-element_type=\"widget\" data-e-type=\"widget\" data-widget_type=\"text-editor.default\">\n\t\t\t\t<div class=\"elementor-widget-container\">\n\t\t\t\t\t\t\t\t\t<p>&#8220;Lasst eure Nahrungsmittel Eure Heilmittel sein und Eure Heilmittel Eure Nahrungsmittel&#8221;<\/p>\t\t\t\t\t\t\t\t<\/div>\n\t\t\t\t<\/div>\n\t\t\t\t\t<\/div>\n\t\t<\/div>\n\t\t\t\t\t<\/div>\n\t\t<\/section>\n\t\t\t\t<\/div>\n\t\t","protected":false},"excerpt":{"rendered":"<p>&#8220;Eine St\u00f6rung des Immunsystems f\u00fchrt dazu, dass der K\u00f6rper auf ansonsten harmlose Stoffe (\u00fcber)reagiert.&#8221; Allergie Behandlung Therapiem\u00f6glichkeiten bei Allergien Mittlerweile leidet fast ein Drittel der Schweizer Bev\u00f6lkerung an Allergien.Vor allem Heuschnupfen, Nahrungsmittelallergien, aber auch Milben-\/Hausstauballergien sind auf dem Vormarsch.Leider sind zunehmend auch Kinder und oft sogar S\u00e4uglinge betroffen. Allergien sind aber eigentlich nur der Ausdruck [&hellip;]<\/p>\n","protected":false},"author":1,"featured_media":0,"parent":0,"menu_order":0,"comment_status":"closed","ping_status":"closed","template":"","meta":{"ocean_post_layout":"full-screen","ocean_both_sidebars_style":"","ocean_both_sidebars_content_width":0,"ocean_both_sidebars_sidebars_width":0,"ocean_sidebar":"0","ocean_second_sidebar":"0","ocean_disable_margins":"on","ocean_add_body_class":"","ocean_shortcode_before_top_bar":"","ocean_shortcode_after_top_bar":"","ocean_shortcode_before_header":"","ocean_shortcode_after_header":"","ocean_has_shortcode":"","ocean_shortcode_after_title":"","ocean_shortcode_before_footer_widgets":"","ocean_shortcode_after_footer_widgets":"","ocean_shortcode_before_footer_bottom":"","ocean_shortcode_after_footer_bottom":"","ocean_display_top_bar":"default","ocean_display_header":"default","ocean_header_style":"","ocean_center_header_left_menu":"0","ocean_custom_header_template":"0","ocean_custom_logo":0,"ocean_custom_retina_logo":0,"ocean_custom_logo_max_width":0,"ocean_custom_logo_tablet_max_width":0,"ocean_custom_logo_mobile_max_width":0,"ocean_custom_logo_max_height":0,"ocean_custom_logo_tablet_max_height":0,"ocean_custom_logo_mobile_max_height":0,"ocean_header_custom_menu":"0","ocean_menu_typo_font_family":"0","ocean_menu_typo_font_subset":"","ocean_menu_typo_font_size":0,"ocean_menu_typo_font_size_tablet":0,"ocean_menu_typo_font_size_mobile":0,"ocean_menu_typo_font_size_unit":"px","ocean_menu_typo_font_weight":"","ocean_menu_typo_font_weight_tablet":"","ocean_menu_typo_font_weight_mobile":"","ocean_menu_typo_transform":"","ocean_menu_typo_transform_tablet":"","ocean_menu_typo_transform_mobile":"","ocean_menu_typo_line_height":0,"ocean_menu_typo_line_height_tablet":0,"ocean_menu_typo_line_height_mobile":0,"ocean_menu_typo_line_height_unit":"","ocean_menu_typo_spacing":0,"ocean_menu_typo_spacing_tablet":0,"ocean_menu_typo_spacing_mobile":0,"ocean_menu_typo_spacing_unit":"","ocean_menu_link_color":"","ocean_menu_link_color_hover":"","ocean_menu_link_color_active":"","ocean_menu_link_background":"","ocean_menu_link_hover_background":"","ocean_menu_link_active_background":"","ocean_menu_social_links_bg":"","ocean_menu_social_hover_links_bg":"","ocean_menu_social_links_color":"","ocean_menu_social_hover_links_color":"","ocean_disable_title":"on","ocean_disable_heading":"default","ocean_post_title":"","ocean_post_subheading":"","ocean_post_title_style":"","ocean_post_title_background_color":"","ocean_post_title_background":0,"ocean_post_title_bg_image_position":"","ocean_post_title_bg_image_attachment":"","ocean_post_title_bg_image_repeat":"","ocean_post_title_bg_image_size":"","ocean_post_title_height":0,"ocean_post_title_bg_overlay":0.5,"ocean_post_title_bg_overlay_color":"","ocean_disable_breadcrumbs":"default","ocean_breadcrumbs_color":"","ocean_breadcrumbs_separator_color":"","ocean_breadcrumbs_links_color":"","ocean_breadcrumbs_links_hover_color":"","ocean_display_footer_widgets":"default","ocean_display_footer_bottom":"default","ocean_custom_footer_template":"0","footnotes":""},"class_list":["post-1593","page","type-page","status-publish","hentry","entry"],"yoast_head":"<!-- This site is optimized with the Yoast SEO plugin v27.3 - https:\/\/yoast.com\/product\/yoast-seo-wordpress\/ -->\n<title>Allergie Behandlung | Naturheilpraxis Tas<\/title>\n<meta name=\"description\" content=\"Allergien sind eigentlich der Ausdruck eines aus dem Gleichgewicht geratenen Immunsystems.\" \/>\n<meta name=\"robots\" content=\"index, follow, max-snippet:-1, max-image-preview:large, max-video-preview:-1\" \/>\n<link rel=\"canonical\" href=\"https:\/\/naturheilpraxis-tas.ch\/?page_id=1593\" \/>\n<meta property=\"og:locale\" content=\"en_US\" \/>\n<meta property=\"og:type\" content=\"article\" \/>\n<meta property=\"og:title\" content=\"Allergie Behandlung | Naturheilpraxis Tas\" \/>\n<meta property=\"og:description\" content=\"Allergien sind eigentlich der Ausdruck eines aus dem Gleichgewicht geratenen Immunsystems.\" \/>\n<meta property=\"og:url\" content=\"https:\/\/naturheilpraxis-tas.ch\/?page_id=1593\" \/>\n<meta property=\"og:site_name\" content=\"Naturheilpraxis Tas\" \/>\n<meta property=\"article:modified_time\" content=\"2021-05-02T10:10:31+00:00\" \/>\n<meta name=\"twitter:card\" content=\"summary_large_image\" \/>\n<meta name=\"twitter:label1\" content=\"Est. reading time\" \/>\n\t<meta name=\"twitter:data1\" content=\"1 minute\" \/>\n<script type=\"application\/ld+json\" class=\"yoast-schema-graph\">{\"@context\":\"https:\\\/\\\/schema.org\",\"@graph\":[{\"@type\":\"WebPage\",\"@id\":\"https:\\\/\\\/naturheilpraxis-tas.ch\\\/?page_id=1593\",\"url\":\"https:\\\/\\\/naturheilpraxis-tas.ch\\\/?page_id=1593\",\"name\":\"Allergie Behandlung | Naturheilpraxis Tas\",\"isPartOf\":{\"@id\":\"https:\\\/\\\/naturheilpraxis-tas.ch\\\/#website\"},\"datePublished\":\"2020-05-03T18:34:13+00:00\",\"dateModified\":\"2021-05-02T10:10:31+00:00\",\"description\":\"Allergien sind eigentlich der Ausdruck eines aus dem Gleichgewicht geratenen Immunsystems.\",\"breadcrumb\":{\"@id\":\"https:\\\/\\\/naturheilpraxis-tas.ch\\\/?page_id=1593#breadcrumb\"},\"inLanguage\":\"en-US\",\"potentialAction\":[{\"@type\":\"ReadAction\",\"target\":[\"https:\\\/\\\/naturheilpraxis-tas.ch\\\/?page_id=1593\"]}]},{\"@type\":\"BreadcrumbList\",\"@id\":\"https:\\\/\\\/naturheilpraxis-tas.ch\\\/?page_id=1593#breadcrumb\",\"itemListElement\":[{\"@type\":\"ListItem\",\"position\":1,\"name\":\"Startseite\",\"item\":\"https:\\\/\\\/naturheilpraxis-tas.ch\\\/\"},{\"@type\":\"ListItem\",\"position\":2,\"name\":\"Allergie Behandlung\"}]},{\"@type\":\"WebSite\",\"@id\":\"https:\\\/\\\/naturheilpraxis-tas.ch\\\/#website\",\"url\":\"https:\\\/\\\/naturheilpraxis-tas.ch\\\/\",\"name\":\"Naturheilpraxis Tas\",\"description\":\"\",\"publisher\":{\"@id\":\"https:\\\/\\\/naturheilpraxis-tas.ch\\\/#organization\"},\"potentialAction\":[{\"@type\":\"SearchAction\",\"target\":{\"@type\":\"EntryPoint\",\"urlTemplate\":\"https:\\\/\\\/naturheilpraxis-tas.ch\\\/?s={search_term_string}\"},\"query-input\":{\"@type\":\"PropertyValueSpecification\",\"valueRequired\":true,\"valueName\":\"search_term_string\"}}],\"inLanguage\":\"en-US\"},{\"@type\":\"Organization\",\"@id\":\"https:\\\/\\\/naturheilpraxis-tas.ch\\\/#organization\",\"name\":\"Naturheilpraxis-tas\",\"url\":\"https:\\\/\\\/naturheilpraxis-tas.ch\\\/\",\"logo\":{\"@type\":\"ImageObject\",\"inLanguage\":\"en-US\",\"@id\":\"https:\\\/\\\/naturheilpraxis-tas.ch\\\/#\\\/schema\\\/logo\\\/image\\\/\",\"url\":\"https:\\\/\\\/naturheilpraxis-tas.ch\\\/wp-content\\\/uploads\\\/2020\\\/04\\\/LogoGT-2.png\",\"contentUrl\":\"https:\\\/\\\/naturheilpraxis-tas.ch\\\/wp-content\\\/uploads\\\/2020\\\/04\\\/LogoGT-2.png\",\"width\":254,\"height\":153,\"caption\":\"Naturheilpraxis-tas\"},\"image\":{\"@id\":\"https:\\\/\\\/naturheilpraxis-tas.ch\\\/#\\\/schema\\\/logo\\\/image\\\/\"}}]}<\/script>\n<!-- \/ Yoast SEO plugin. -->","yoast_head_json":{"title":"Allergie Behandlung | Naturheilpraxis Tas","description":"Allergien sind eigentlich der Ausdruck eines aus dem Gleichgewicht geratenen Immunsystems.","robots":{"index":"index","follow":"follow","max-snippet":"max-snippet:-1","max-image-preview":"max-image-preview:large","max-video-preview":"max-video-preview:-1"},"canonical":"https:\/\/naturheilpraxis-tas.ch\/?page_id=1593","og_locale":"en_US","og_type":"article","og_title":"Allergie Behandlung | Naturheilpraxis Tas","og_description":"Allergien sind eigentlich der Ausdruck eines aus dem Gleichgewicht geratenen Immunsystems.","og_url":"https:\/\/naturheilpraxis-tas.ch\/?page_id=1593","og_site_name":"Naturheilpraxis Tas","article_modified_time":"2021-05-02T10:10:31+00:00","twitter_card":"summary_large_image","twitter_misc":{"Est. reading time":"1 minute"},"schema":{"@context":"https:\/\/schema.org","@graph":[{"@type":"WebPage","@id":"https:\/\/naturheilpraxis-tas.ch\/?page_id=1593","url":"https:\/\/naturheilpraxis-tas.ch\/?page_id=1593","name":"Allergie Behandlung | Naturheilpraxis Tas","isPartOf":{"@id":"https:\/\/naturheilpraxis-tas.ch\/#website"},"datePublished":"2020-05-03T18:34:13+00:00","dateModified":"2021-05-02T10:10:31+00:00","description":"Allergien sind eigentlich der Ausdruck eines aus dem Gleichgewicht geratenen Immunsystems.","breadcrumb":{"@id":"https:\/\/naturheilpraxis-tas.ch\/?page_id=1593#breadcrumb"},"inLanguage":"en-US","potentialAction":[{"@type":"ReadAction","target":["https:\/\/naturheilpraxis-tas.ch\/?page_id=1593"]}]},{"@type":"BreadcrumbList","@id":"https:\/\/naturheilpraxis-tas.ch\/?page_id=1593#breadcrumb","itemListElement":[{"@type":"ListItem","position":1,"name":"Startseite","item":"https:\/\/naturheilpraxis-tas.ch\/"},{"@type":"ListItem","position":2,"name":"Allergie Behandlung"}]},{"@type":"WebSite","@id":"https:\/\/naturheilpraxis-tas.ch\/#website","url":"https:\/\/naturheilpraxis-tas.ch\/","name":"Naturheilpraxis Tas","description":"","publisher":{"@id":"https:\/\/naturheilpraxis-tas.ch\/#organization"},"potentialAction":[{"@type":"SearchAction","target":{"@type":"EntryPoint","urlTemplate":"https:\/\/naturheilpraxis-tas.ch\/?s={search_term_string}"},"query-input":{"@type":"PropertyValueSpecification","valueRequired":true,"valueName":"search_term_string"}}],"inLanguage":"en-US"},{"@type":"Organization","@id":"https:\/\/naturheilpraxis-tas.ch\/#organization","name":"Naturheilpraxis-tas","url":"https:\/\/naturheilpraxis-tas.ch\/","logo":{"@type":"ImageObject","inLanguage":"en-US","@id":"https:\/\/naturheilpraxis-tas.ch\/#\/schema\/logo\/image\/","url":"https:\/\/naturheilpraxis-tas.ch\/wp-content\/uploads\/2020\/04\/LogoGT-2.png","contentUrl":"https:\/\/naturheilpraxis-tas.ch\/wp-content\/uploads\/2020\/04\/LogoGT-2.png","width":254,"height":153,"caption":"Naturheilpraxis-tas"},"image":{"@id":"https:\/\/naturheilpraxis-tas.ch\/#\/schema\/logo\/image\/"}}]}},"_links":{"self":[{"href":"https:\/\/naturheilpraxis-tas.ch\/index.php?rest_route=\/wp\/v2\/pages\/1593","targetHints":{"allow":["GET"]}}],"collection":[{"href":"https:\/\/naturheilpraxis-tas.ch\/index.php?rest_route=\/wp\/v2\/pages"}],"about":[{"href":"https:\/\/naturheilpraxis-tas.ch\/index.php?rest_route=\/wp\/v2\/types\/page"}],"author":[{"embeddable":true,"href":"https:\/\/naturheilpraxis-tas.ch\/index.php?rest_route=\/wp\/v2\/users\/1"}],"replies":[{"embeddable":true,"href":"https:\/\/naturheilpraxis-tas.ch\/index.php?rest_route=%2Fwp%2Fv2%2Fcomments&post=1593"}],"version-history":[{"count":32,"href":"https:\/\/naturheilpraxis-tas.ch\/index.php?rest_route=\/wp\/v2\/pages\/1593\/revisions"}],"predecessor-version":[{"id":1870,"href":"https:\/\/naturheilpraxis-tas.ch\/index.php?rest_route=\/wp\/v2\/pages\/1593\/revisions\/1870"}],"wp:attachment":[{"href":"https:\/\/naturheilpraxis-tas.ch\/index.php?rest_route=%2Fwp%2Fv2%2Fmedia&parent=1593"}],"curies":[{"name":"wp","href":"https:\/\/api.w.org\/{rel}","templated":true}]}}